{"id":61972,"date":"2025-01-31T11:27:51","date_gmt":"2025-01-31T16:27:51","guid":{"rendered":"https:\/\/ikono.co\/?page_id=61972"},"modified":"2025-04-04T09:54:46","modified_gmt":"2025-04-04T14:54:46","slug":"thank-you-page","status":"publish","type":"page","link":"https:\/\/ikono.co\/en_us\/thank-you-page\/","title":{"rendered":"Thank you page"},"content":{"rendered":"<div data-elementor-type=\"wp-page\" data-elementor-id=\"61972\" class=\"elementor elementor-61972\" data-elementor-post-type=\"page\">\n\t\t\t\t<div class=\"elementor-element elementor-element-01d3995 e-con-full e-flex e-con e-parent\" data-id=\"01d3995\" data-element_type=\"container\">\n\t\t<div class=\"elementor-element elementor-element-7650283 e-con-full e-flex e-con e-child\" data-id=\"7650283\" data-element_type=\"container\" data-settings=\"{&quot;background_background&quot;:&quot;classic&quot;}\">\n\t\t<div class=\"elementor-element elementor-element-deb2a98 e-flex e-con-boxed e-con e-child\" data-id=\"deb2a98\" data-element_type=\"container\">\n\t\t\t\t\t<div class=\"e-con-inner\">\n\t\t<div class=\"elementor-element elementor-element-4306f5d e-flex e-con-boxed e-con e-child\" data-id=\"4306f5d\" data-element_type=\"container\">\n\t\t\t\t\t<div class=\"e-con-inner\">\n\t\t\t\t<div class=\"elementor-element elementor-element-f0d9bad elementor-widget elementor-widget-heading\" data-id=\"f0d9bad\" data-element_type=\"widget\" data-widget_type=\"heading.default\">\n\t\t\t\t<div class=\"elementor-widget-container\">\n\t\t\t\t\t<h2 class=\"elementor-heading-title elementor-size-default\">Thank you for registering your information!<\/h2>\t\t\t\t<\/div>\n\t\t\t\t<\/div>\n\t\t\t\t<div class=\"elementor-element elementor-element-9037de4 elementor-widget elementor-widget-text-editor\" data-id=\"9037de4\" data-element_type=\"widget\" data-widget_type=\"text-editor.default\">\n\t\t\t\t<div class=\"elementor-widget-container\">\n\t\t\t\t\t\t\t\t\t<p>One of our advisors will contact you to help you take your communications to the next level.\u00a0<\/p>\t\t\t\t\t\t\t\t<\/div>\n\t\t\t\t<\/div>\n\t\t\t\t\t<\/div>\n\t\t\t\t<\/div>\n\t\t\t\t\t<\/div>\n\t\t\t\t<\/div>\n\t\t\t\t<\/div>\n\t\t\t\t<\/div>\n\t\t<div class=\"elementor-element elementor-element-131548d e-flex e-con-boxed e-con e-parent\" data-id=\"131548d\" data-element_type=\"container\">\n\t\t\t\t\t<div class=\"e-con-inner\">\n\t\t<div class=\"elementor-element elementor-element-3959022 e-con-full e-flex e-con e-child\" data-id=\"3959022\" data-element_type=\"container\">\n\t\t<div class=\"elementor-element elementor-element-79fa44f e-con-full e-flex e-con e-child\" data-id=\"79fa44f\" data-element_type=\"container\">\n\t\t\t\t<div class=\"elementor-element elementor-element-95f2d10 elementor-widget elementor-widget-heading\" data-id=\"95f2d10\" data-element_type=\"widget\" data-widget_type=\"heading.default\">\n\t\t\t\t<div class=\"elementor-widget-container\">\n\t\t\t\t\t<h2 class=\"elementor-heading-title elementor-size-default\">While we get in touch with you, learn a little more about our services.<\/h2>\t\t\t\t<\/div>\n\t\t\t\t<\/div>\n\t\t\t\t<\/div>\n\t\t\t\t<\/div>\n\t\t\t\t\t<\/div>\n\t\t\t\t<\/div>\n\t\t<div class=\"elementor-element elementor-element-df366d6 e-flex e-con-boxed e-con e-parent\" data-id=\"df366d6\" data-element_type=\"container\">\n\t\t\t\t\t<div class=\"e-con-inner\">\n\t\t<div class=\"elementor-element elementor-element-59725a2 e-con-full e-flex e-con e-child\" data-id=\"59725a2\" data-element_type=\"container\">\n\t\t\t\t<div class=\"elementor-element elementor-element-5750602 elementor-widget elementor-widget-text-editor\" data-id=\"5750602\" data-element_type=\"widget\" data-widget_type=\"text-editor.default\">\n\t\t\t\t<div class=\"elementor-widget-container\">\n\t\t\t\t\t\t\t\t\t<p><strong>Optimize your company&#039;s corporate communication with our comprehensive solutions.<\/strong> We offer chat support with a multi-agent system, full call control in your contact center or from your office with our PBX, and tools for mass communications via voice, mailing and SMS.<\/p>\t\t\t\t\t\t\t\t<\/div>\n\t\t\t\t<\/div>\n\t\t\t\t<\/div>\n\t\t\t\t\t<\/div>\n\t\t\t\t<\/div>\n\t\t<div class=\"elementor-element elementor-element-4c31655 e-con-full e-flex e-con e-parent\" data-id=\"4c31655\" data-element_type=\"container\">\n\t\t<div class=\"elementor-element elementor-element-3bc75e4 e-con-full e-flex e-con e-child\" data-id=\"3bc75e4\" data-element_type=\"container\">\n\t\t<div class=\"elementor-element elementor-element-49dddc4 e-grid e-con-full e-con e-child\" data-id=\"49dddc4\" data-element_type=\"container\">\n\t\t\t\t<div class=\"elementor-element elementor-element-d8e7475 elementor-cta--skin-cover elementor-animated-content elementor-bg-transform elementor-bg-transform-zoom-in elementor-widget elementor-widget-call-to-action\" data-id=\"d8e7475\" data-element_type=\"widget\" data-widget_type=\"call-to-action.default\">\n\t\t\t\t<div class=\"elementor-widget-container\">\n\t\t\t\t\t\t\t<div class=\"elementor-cta\">\n\t\t\t\t\t<div class=\"elementor-cta__bg-wrapper\">\n\t\t\t\t<div class=\"elementor-cta__bg elementor-bg\" style=\"background-image: url(https:\/\/ikono.co\/wp-content\/uploads\/Solucion-Chat.png);\" role=\"img\" aria-label=\"Chat Solution\"><\/div>\n\t\t\t\t<div class=\"elementor-cta__bg-overlay\"><\/div>\n\t\t\t<\/div>\n\t\t\t\t\t\t\t<div class=\"elementor-cta__content\">\n\t\t\t\t\n\t\t\t\t\t\t\t\t\t<h2 class=\"elementor-cta__title elementor-cta__content-item elementor-content-item elementor-animated-item--grow\">\n\t\t\t\t\t\tSolution <br>Chat\t\t\t\t\t<\/h2>\n\t\t\t\t\n\t\t\t\t\t\t\t\t\t<div class=\"elementor-cta__description elementor-cta__content-item elementor-content-item elementor-animated-item--grow\">\n\t\t\t\t\t\tMulti-agent solution to streamline chat handling.\t\t\t\t\t<\/div>\n\t\t\t\t\n\t\t\t\t\t\t\t\t\t<div class=\"elementor-cta__button-wrapper elementor-cta__content-item elementor-content-item elementor-animated-item--grow\">\n\t\t\t\t\t<a class=\"elementor-cta__button elementor-button elementor-size-\" href=\"https:\/\/ikono.co\/en_us\/ikono-chat-pdf\/\" target=\"_blank\">\n\t\t\t\t\t\tSee more\t\t\t\t\t<\/a>\n\t\t\t\t\t<\/div>\n\t\t\t\t\t\t\t<\/div>\n\t\t\t\t\t\t<\/div>\n\t\t\t\t\t\t<\/div>\n\t\t\t\t<\/div>\n\t\t\t\t<div class=\"elementor-element elementor-element-b86df85 elementor-cta--skin-cover elementor-animated-content elementor-bg-transform elementor-bg-transform-zoom-in elementor-widget elementor-widget-call-to-action\" data-id=\"b86df85\" data-element_type=\"widget\" data-widget_type=\"call-to-action.default\">\n\t\t\t\t<div class=\"elementor-widget-container\">\n\t\t\t\t\t\t\t<div class=\"elementor-cta\">\n\t\t\t\t\t<div class=\"elementor-cta__bg-wrapper\">\n\t\t\t\t<div class=\"elementor-cta__bg elementor-bg\" style=\"background-image: url(https:\/\/ikono.co\/wp-content\/uploads\/Solucion-Call-Center.png);\" role=\"img\" aria-label=\"Call Center Solution\"><\/div>\n\t\t\t\t<div class=\"elementor-cta__bg-overlay\"><\/div>\n\t\t\t<\/div>\n\t\t\t\t\t\t\t<div class=\"elementor-cta__content\">\n\t\t\t\t\n\t\t\t\t\t\t\t\t\t<h2 class=\"elementor-cta__title elementor-cta__content-item elementor-content-item elementor-animated-item--grow\">\n\t\t\t\t\t\tSolution<br> Call Center\t\t\t\t\t<\/h2>\n\t\t\t\t\n\t\t\t\t\t\t\t\t\t<div class=\"elementor-cta__description elementor-cta__content-item elementor-content-item elementor-animated-item--grow\">\n\t\t\t\t\t\tTracking solution<br> of agents and streamlining of processes.\t\t\t\t\t<\/div>\n\t\t\t\t\n\t\t\t\t\t\t\t\t\t<div class=\"elementor-cta__button-wrapper elementor-cta__content-item elementor-content-item elementor-animated-item--grow\">\n\t\t\t\t\t<a class=\"elementor-cta__button elementor-button elementor-size-\" href=\"https:\/\/ikono.co\/en_us\/ikono-call-center-pdf\/\" target=\"_blank\">\n\t\t\t\t\t\tSee more\t\t\t\t\t<\/a>\n\t\t\t\t\t<\/div>\n\t\t\t\t\t\t\t<\/div>\n\t\t\t\t\t\t<\/div>\n\t\t\t\t\t\t<\/div>\n\t\t\t\t<\/div>\n\t\t\t\t<div class=\"elementor-element elementor-element-00683cc elementor-cta--skin-cover elementor-animated-content elementor-bg-transform elementor-bg-transform-zoom-in elementor-widget elementor-widget-call-to-action\" data-id=\"00683cc\" data-element_type=\"widget\" data-widget_type=\"call-to-action.default\">\n\t\t\t\t<div class=\"elementor-widget-container\">\n\t\t\t\t\t\t\t<div class=\"elementor-cta\">\n\t\t\t\t\t<div class=\"elementor-cta__bg-wrapper\">\n\t\t\t\t<div class=\"elementor-cta__bg elementor-bg\" style=\"background-image: url(https:\/\/ikono.co\/wp-content\/uploads\/Solucion-PBX.png);\" role=\"img\" aria-label=\"PBX Solution\"><\/div>\n\t\t\t\t<div class=\"elementor-cta__bg-overlay\"><\/div>\n\t\t\t<\/div>\n\t\t\t\t\t\t\t<div class=\"elementor-cta__content\">\n\t\t\t\t\n\t\t\t\t\t\t\t\t\t<h2 class=\"elementor-cta__title elementor-cta__content-item elementor-content-item elementor-animated-item--grow\">\n\t\t\t\t\t\tSolution<br> PBX\t\t\t\t\t<\/h2>\n\t\t\t\t\n\t\t\t\t\t\t\t\t\t<div class=\"elementor-cta__description elementor-cta__content-item elementor-content-item elementor-animated-item--grow\">\n\t\t\t\t\t\tCorporate communications solution with detailed reporting.\t\t\t\t\t<\/div>\n\t\t\t\t\n\t\t\t\t\t\t\t\t\t<div class=\"elementor-cta__button-wrapper elementor-cta__content-item elementor-content-item elementor-animated-item--grow\">\n\t\t\t\t\t<a class=\"elementor-cta__button elementor-button elementor-size-\" href=\"https:\/\/ikono.co\/en_us\/ikono-pbx-pdf\/\" target=\"_blank\">\n\t\t\t\t\t\tSee More\t\t\t\t\t<\/a>\n\t\t\t\t\t<\/div>\n\t\t\t\t\t\t\t<\/div>\n\t\t\t\t\t\t<\/div>\n\t\t\t\t\t\t<\/div>\n\t\t\t\t<\/div>\n\t\t\t\t<div class=\"elementor-element elementor-element-2feba32 elementor-cta--skin-cover elementor-animated-content elementor-bg-transform elementor-bg-transform-zoom-in elementor-widget elementor-widget-call-to-action\" data-id=\"2feba32\" data-element_type=\"widget\" data-widget_type=\"call-to-action.default\">\n\t\t\t\t<div class=\"elementor-widget-container\">\n\t\t\t\t\t\t\t<div class=\"elementor-cta\">\n\t\t\t\t\t<div class=\"elementor-cta__bg-wrapper\">\n\t\t\t\t<div class=\"elementor-cta__bg elementor-bg\" style=\"background-image: url(https:\/\/ikono.co\/wp-content\/uploads\/Mensajeria-masiva.png);\" role=\"img\" aria-label=\"Mass messaging\"><\/div>\n\t\t\t\t<div class=\"elementor-cta__bg-overlay\"><\/div>\n\t\t\t<\/div>\n\t\t\t\t\t\t\t<div class=\"elementor-cta__content\">\n\t\t\t\t\n\t\t\t\t\t\t\t\t\t<h2 class=\"elementor-cta__title elementor-cta__content-item elementor-content-item elementor-animated-item--grow\">\n\t\t\t\t\t\tMessaging <br>Massive\t\t\t\t\t<\/h2>\n\t\t\t\t\n\t\t\t\t\t\t\t\t\t<div class=\"elementor-cta__description elementor-cta__content-item elementor-content-item elementor-animated-item--grow\">\n\t\t\t\t\t\tSolution for sending text, email, or voice messages to multiple people.\t\t\t\t\t<\/div>\n\t\t\t\t\n\t\t\t\t\t\t\t\t\t<div class=\"elementor-cta__button-wrapper elementor-cta__content-item elementor-content-item elementor-animated-item--grow\">\n\t\t\t\t\t<a class=\"elementor-cta__button elementor-button elementor-size-\" href=\"https:\/\/ikono.co\/en_us\/ikono-telecomunicaciones-pdf\/\" target=\"_blank\">\n\t\t\t\t\t\tSee More\t\t\t\t\t<\/a>\n\t\t\t\t\t<\/div>\n\t\t\t\t\t\t\t<\/div>\n\t\t\t\t\t\t<\/div>\n\t\t\t\t\t\t<\/div>\n\t\t\t\t<\/div>\n\t\t\t\t<\/div>\n\t\t\t\t<\/div>\n\t\t\t\t<\/div>\n\t\t<div class=\"elementor-element elementor-element-e1c1249 e-flex e-con-boxed e-con e-parent\" data-id=\"e1c1249\" data-element_type=\"container\" data-settings=\"{&quot;background_background&quot;:&quot;classic&quot;,&quot;shape_divider_top&quot;:&quot;tilt&quot;,&quot;shape_divider_bottom&quot;:&quot;tilt&quot;}\">\n\t\t\t\t\t<div class=\"e-con-inner\">\n\t\t\t\t<div class=\"elementor-shape elementor-shape-top\" aria-hidden=\"true\" data-negative=\"false\">\n\t\t\t<svg xmlns=\"http:\/\/www.w3.org\/2000\/svg\" viewbox=\"0 0 1000 100\" preserveaspectratio=\"none\">\n\t<path class=\"elementor-shape-fill\" d=\"M0,6V0h1000v100L0,6z\"\/>\n<\/svg>\t\t<\/div>\n\t\t\t\t<div class=\"elementor-shape elementor-shape-bottom\" aria-hidden=\"true\" data-negative=\"false\">\n\t\t\t<svg xmlns=\"http:\/\/www.w3.org\/2000\/svg\" viewbox=\"0 0 1000 100\" preserveaspectratio=\"none\">\n\t<path class=\"elementor-shape-fill\" d=\"M0,6V0h1000v100L0,6z\"\/>\n<\/svg>\t\t<\/div>\n\t\t<div class=\"elementor-element elementor-element-6baa57d e-con-full e-flex e-con e-child\" data-id=\"6baa57d\" data-element_type=\"container\">\n\t\t\t\t<div class=\"elementor-element elementor-element-7628e7a elementor-widget elementor-widget-image\" data-id=\"7628e7a\" data-element_type=\"widget\" data-widget_type=\"image.default\">\n\t\t\t\t<div class=\"elementor-widget-container\">\n\t\t\t\t\t\t\t\t\t\t\t\t\t\t\t<img fetchpriority=\"high\" decoding=\"async\" width=\"384\" height=\"384\" src=\"https:\/\/ikono.co\/wp-content\/uploads\/soporte_.png\" class=\"attachment-full size-full wp-image-60121\" alt=\"soporte\" srcset=\"https:\/\/ikono.co\/wp-content\/uploads\/soporte_.png 384w, https:\/\/ikono.co\/wp-content\/uploads\/soporte_-300x300.png 300w, https:\/\/ikono.co\/wp-content\/uploads\/soporte_-150x150.png 150w\" sizes=\"(max-width: 384px) 100vw, 384px\" \/>\t\t\t\t\t\t\t\t\t\t\t\t\t\t\t<\/div>\n\t\t\t\t<\/div>\n\t\t\t\t<\/div>\n\t\t<div class=\"elementor-element elementor-element-47b0039 e-con-full e-flex e-con e-child\" data-id=\"47b0039\" data-element_type=\"container\">\n\t\t\t\t<div class=\"elementor-element elementor-element-65f94d7 elementor-widget elementor-widget-text-editor\" data-id=\"65f94d7\" data-element_type=\"widget\" data-widget_type=\"text-editor.default\">\n\t\t\t\t<div class=\"elementor-widget-container\">\n\t\t\t\t\t\t\t\t\t<p>This is what our customers highlight most when choosing us again:<\/p>\t\t\t\t\t\t\t\t<\/div>\n\t\t\t\t<\/div>\n\t\t\t\t<div class=\"elementor-element elementor-element-3bb4e02 elementor-widget-mobile__width-initial elementor-widget elementor-widget-text-editor\" data-id=\"3bb4e02\" data-element_type=\"widget\" data-widget_type=\"text-editor.default\">\n\t\t\t\t<div class=\"elementor-widget-container\">\n\t\t\t\t\t\t\t\t\t<ul><li>Adequate prices.<\/li><li>High quality.<\/li><li>Excellent service.<\/li><li>Experience.<\/li><li>Technical support.<\/li><li>Compliance.<\/li><li>Timely attention.<\/li><\/ul>\t\t\t\t\t\t\t\t<\/div>\n\t\t\t\t<\/div>\n\t\t\t\t<\/div>\n\t\t\t\t\t<\/div>\n\t\t\t\t<\/div>\n\t\t\t\t<\/div>","protected":false},"excerpt":{"rendered":"<p>\u00a1Gracias por registrar tu informaci\u00f3n! Uno de nuestros asesores te contactar\u00e1 para ayudarte a llevar tus comunicaciones a otro nivel\u00a0 Mientras nos contactamos contigo, conoce un poco m\u00e1s sobre nuestros servicios. Optimiza la comunicaci\u00f3n corporativa de tu empresa con nuestras soluciones integrales. Ofrecemos atenci\u00f3n por chat con un sistema multiagente, control total de llamadas en [&hellip;]<\/p>","protected":false},"author":1,"featured_media":0,"parent":0,"menu_order":0,"comment_status":"closed","ping_status":"closed","template":"","meta":{"footnotes":""},"class_list":["post-61972","page","type-page","status-publish","hentry"],"yoast_head":"<!-- This site is optimized with the Yoast SEO plugin v26.6 - https:\/\/yoast.com\/wordpress\/plugins\/seo\/ -->\n<title>Thank you page &#8226; iKono Telecomunicaciones<\/title>\n<meta name=\"robots\" content=\"index, follow, max-snippet:-1, max-image-preview:large, max-video-preview:-1\" \/>\n<link rel=\"canonical\" href=\"https:\/\/ikono.co\/en_us\/thank-you-page\/\" \/>\n<meta property=\"og:locale\" content=\"en_US\" \/>\n<meta property=\"og:type\" content=\"article\" \/>\n<meta property=\"og:title\" content=\"Thank you page &#8226; iKono Telecomunicaciones\" \/>\n<meta property=\"og:description\" content=\"\u00a1Gracias por registrar tu informaci\u00f3n! Uno de nuestros asesores te contactar\u00e1 para ayudarte a llevar tus comunicaciones a otro nivel\u00a0 Mientras nos contactamos contigo, conoce un poco m\u00e1s sobre nuestros servicios. Optimiza la comunicaci\u00f3n corporativa de tu empresa con nuestras soluciones integrales. Ofrecemos atenci\u00f3n por chat con un sistema multiagente, control total de llamadas en [&hellip;]\" \/>\n<meta property=\"og:url\" content=\"https:\/\/ikono.co\/en_us\/thank-you-page\/\" \/>\n<meta property=\"og:site_name\" content=\"iKono Telecomunicaciones\" \/>\n<meta property=\"article:publisher\" content=\"https:\/\/www.facebook.com\/iKonoTelecomunicaciones\" \/>\n<meta property=\"article:modified_time\" content=\"2025-04-04T14:54:46+00:00\" \/>\n<meta property=\"og:image\" content=\"https:\/\/ikono.co\/wp-content\/uploads\/soporte_.png\" \/>\n\t<meta property=\"og:image:width\" content=\"384\" \/>\n\t<meta property=\"og:image:height\" content=\"384\" \/>\n\t<meta property=\"og:image:type\" content=\"image\/png\" \/>\n<meta name=\"twitter:card\" content=\"summary_large_image\" \/>\n<meta name=\"twitter:label1\" content=\"Est. reading time\" \/>\n\t<meta name=\"twitter:data1\" content=\"1 minute\" \/>\n<script type=\"application\/ld+json\" class=\"yoast-schema-graph\">{\"@context\":\"https:\/\/schema.org\",\"@graph\":[{\"@type\":\"WebPage\",\"@id\":\"https:\/\/ikono.co\/thank-you-page\/\",\"url\":\"https:\/\/ikono.co\/thank-you-page\/\",\"name\":\"Thank you page &#8226; iKono Telecomunicaciones\",\"isPartOf\":{\"@id\":\"https:\/\/ikono.co\/#website\"},\"primaryImageOfPage\":{\"@id\":\"https:\/\/ikono.co\/thank-you-page\/#primaryimage\"},\"image\":{\"@id\":\"https:\/\/ikono.co\/thank-you-page\/#primaryimage\"},\"thumbnailUrl\":\"https:\/\/ikono.co\/wp-content\/uploads\/soporte_.png\",\"datePublished\":\"2025-01-31T16:27:51+00:00\",\"dateModified\":\"2025-04-04T14:54:46+00:00\",\"breadcrumb\":{\"@id\":\"https:\/\/ikono.co\/thank-you-page\/#breadcrumb\"},\"inLanguage\":\"en-US\",\"potentialAction\":[{\"@type\":\"ReadAction\",\"target\":[\"https:\/\/ikono.co\/thank-you-page\/\"]}]},{\"@type\":\"ImageObject\",\"inLanguage\":\"en-US\",\"@id\":\"https:\/\/ikono.co\/thank-you-page\/#primaryimage\",\"url\":\"https:\/\/ikono.co\/wp-content\/uploads\/soporte_.png\",\"contentUrl\":\"https:\/\/ikono.co\/wp-content\/uploads\/soporte_.png\"},{\"@type\":\"BreadcrumbList\",\"@id\":\"https:\/\/ikono.co\/thank-you-page\/#breadcrumb\",\"itemListElement\":[{\"@type\":\"ListItem\",\"position\":1,\"name\":\"Inicio\",\"item\":\"https:\/\/ikono.co\/\"},{\"@type\":\"ListItem\",\"position\":2,\"name\":\"Thank you page\"}]},{\"@type\":\"WebSite\",\"@id\":\"https:\/\/ikono.co\/#website\",\"url\":\"https:\/\/ikono.co\/\",\"name\":\"iKono Telecomunicaciones\",\"description\":\"La tranquilidad de estar bien conectado\",\"publisher\":{\"@id\":\"https:\/\/ikono.co\/#organization\"},\"potentialAction\":[{\"@type\":\"SearchAction\",\"target\":{\"@type\":\"EntryPoint\",\"urlTemplate\":\"https:\/\/ikono.co\/?s={search_term_string}\"},\"query-input\":{\"@type\":\"PropertyValueSpecification\",\"valueRequired\":true,\"valueName\":\"search_term_string\"}}],\"inLanguage\":\"en-US\"},{\"@type\":\"Organization\",\"@id\":\"https:\/\/ikono.co\/#organization\",\"name\":\"iKono Telecomunicaciones\",\"alternateName\":\"iKono\",\"url\":\"https:\/\/ikono.co\/\",\"logo\":{\"@type\":\"ImageObject\",\"inLanguage\":\"en-US\",\"@id\":\"https:\/\/ikono.co\/#\/schema\/logo\/image\/\",\"url\":\"https:\/\/ikono.co\/wp-content\/uploads\/2024\/07\/cropped-Logo-iKono-R-horizontal-color-1.png\",\"contentUrl\":\"https:\/\/ikono.co\/wp-content\/uploads\/2024\/07\/cropped-Logo-iKono-R-horizontal-color-1.png\",\"width\":1500,\"height\":429,\"caption\":\"iKono Telecomunicaciones\"},\"image\":{\"@id\":\"https:\/\/ikono.co\/#\/schema\/logo\/image\/\"},\"sameAs\":[\"https:\/\/www.facebook.com\/iKonoTelecomunicaciones\"]}]}<\/script>\n<!-- \/ Yoast SEO plugin. -->","yoast_head_json":{"title":"Thank you page &#8226; iKono Telecomunicaciones","robots":{"index":"index","follow":"follow","max-snippet":"max-snippet:-1","max-image-preview":"max-image-preview:large","max-video-preview":"max-video-preview:-1"},"canonical":"https:\/\/ikono.co\/en_us\/thank-you-page\/","og_locale":"en_US","og_type":"article","og_title":"Thank you page &#8226; iKono Telecomunicaciones","og_description":"\u00a1Gracias por registrar tu informaci\u00f3n! Uno de nuestros asesores te contactar\u00e1 para ayudarte a llevar tus comunicaciones a otro nivel\u00a0 Mientras nos contactamos contigo, conoce un poco m\u00e1s sobre nuestros servicios. Optimiza la comunicaci\u00f3n corporativa de tu empresa con nuestras soluciones integrales. Ofrecemos atenci\u00f3n por chat con un sistema multiagente, control total de llamadas en [&hellip;]","og_url":"https:\/\/ikono.co\/en_us\/thank-you-page\/","og_site_name":"iKono Telecomunicaciones","article_publisher":"https:\/\/www.facebook.com\/iKonoTelecomunicaciones","article_modified_time":"2025-04-04T14:54:46+00:00","og_image":[{"width":384,"height":384,"url":"https:\/\/ikono.co\/wp-content\/uploads\/soporte_.png","type":"image\/png"}],"twitter_card":"summary_large_image","twitter_misc":{"Est. reading time":"1 minute"},"schema":{"@context":"https:\/\/schema.org","@graph":[{"@type":"WebPage","@id":"https:\/\/ikono.co\/thank-you-page\/","url":"https:\/\/ikono.co\/thank-you-page\/","name":"Thank you page &#8226; iKono Telecomunicaciones","isPartOf":{"@id":"https:\/\/ikono.co\/#website"},"primaryImageOfPage":{"@id":"https:\/\/ikono.co\/thank-you-page\/#primaryimage"},"image":{"@id":"https:\/\/ikono.co\/thank-you-page\/#primaryimage"},"thumbnailUrl":"https:\/\/ikono.co\/wp-content\/uploads\/soporte_.png","datePublished":"2025-01-31T16:27:51+00:00","dateModified":"2025-04-04T14:54:46+00:00","breadcrumb":{"@id":"https:\/\/ikono.co\/thank-you-page\/#breadcrumb"},"inLanguage":"en-US","potentialAction":[{"@type":"ReadAction","target":["https:\/\/ikono.co\/thank-you-page\/"]}]},{"@type":"ImageObject","inLanguage":"en-US","@id":"https:\/\/ikono.co\/thank-you-page\/#primaryimage","url":"https:\/\/ikono.co\/wp-content\/uploads\/soporte_.png","contentUrl":"https:\/\/ikono.co\/wp-content\/uploads\/soporte_.png"},{"@type":"BreadcrumbList","@id":"https:\/\/ikono.co\/thank-you-page\/#breadcrumb","itemListElement":[{"@type":"ListItem","position":1,"name":"Inicio","item":"https:\/\/ikono.co\/"},{"@type":"ListItem","position":2,"name":"Thank you page"}]},{"@type":"WebSite","@id":"https:\/\/ikono.co\/#website","url":"https:\/\/ikono.co\/","name":"iKono Telecommunications","description":"The peace of mind that comes with being well connected","publisher":{"@id":"https:\/\/ikono.co\/#organization"},"potentialAction":[{"@type":"SearchAction","target":{"@type":"EntryPoint","urlTemplate":"https:\/\/ikono.co\/?s={search_term_string}"},"query-input":{"@type":"PropertyValueSpecification","valueRequired":true,"valueName":"search_term_string"}}],"inLanguage":"en-US"},{"@type":"Organization","@id":"https:\/\/ikono.co\/#organization","name":"iKono Telecommunications","alternateName":"iKono","url":"https:\/\/ikono.co\/","logo":{"@type":"ImageObject","inLanguage":"en-US","@id":"https:\/\/ikono.co\/#\/schema\/logo\/image\/","url":"https:\/\/ikono.co\/wp-content\/uploads\/2024\/07\/cropped-Logo-iKono-R-horizontal-color-1.png","contentUrl":"https:\/\/ikono.co\/wp-content\/uploads\/2024\/07\/cropped-Logo-iKono-R-horizontal-color-1.png","width":1500,"height":429,"caption":"iKono Telecomunicaciones"},"image":{"@id":"https:\/\/ikono.co\/#\/schema\/logo\/image\/"},"sameAs":["https:\/\/www.facebook.com\/iKonoTelecomunicaciones"]}]}},"_links":{"self":[{"href":"https:\/\/ikono.co\/en_us\/wp-json\/wp\/v2\/pages\/61972","targetHints":{"allow":["GET"]}}],"collection":[{"href":"https:\/\/ikono.co\/en_us\/wp-json\/wp\/v2\/pages"}],"about":[{"href":"https:\/\/ikono.co\/en_us\/wp-json\/wp\/v2\/types\/page"}],"author":[{"embeddable":true,"href":"https:\/\/ikono.co\/en_us\/wp-json\/wp\/v2\/users\/1"}],"replies":[{"embeddable":true,"href":"https:\/\/ikono.co\/en_us\/wp-json\/wp\/v2\/comments?post=61972"}],"version-history":[{"count":44,"href":"https:\/\/ikono.co\/en_us\/wp-json\/wp\/v2\/pages\/61972\/revisions"}],"predecessor-version":[{"id":62736,"href":"https:\/\/ikono.co\/en_us\/wp-json\/wp\/v2\/pages\/61972\/revisions\/62736"}],"wp:attachment":[{"href":"https:\/\/ikono.co\/en_us\/wp-json\/wp\/v2\/media?parent=61972"}],"curies":[{"name":"wp","href":"https:\/\/api.w.org\/{rel}","templated":true}]}}