{"id":116,"date":"2024-07-29T16:03:49","date_gmt":"2024-07-29T21:03:49","guid":{"rendered":"https:\/\/www1.ikono.co\/?page_id=116"},"modified":"2025-10-01T12:00:49","modified_gmt":"2025-10-01T17:00:49","slug":"pqrsf","status":"publish","type":"page","link":"https:\/\/ikono.co\/en_us\/pqrsf\/","title":{"rendered":"PQRSF"},"content":{"rendered":"<div data-elementor-type=\"wp-page\" data-elementor-id=\"116\" class=\"elementor elementor-116\" data-elementor-post-type=\"page\">\n\t\t\t\t<div class=\"elementor-element elementor-element-d3b07bc e-con-full e-flex e-con e-parent\" data-id=\"d3b07bc\" data-element_type=\"container\">\n\t\t<div class=\"elementor-element elementor-element-90b3d5d e-con-full e-flex e-con e-child\" data-id=\"90b3d5d\" data-element_type=\"container\">\n\t\t<div class=\"elementor-element elementor-element-b1568f1 e-con-full e-flex e-con e-child\" data-id=\"b1568f1\" data-element_type=\"container\" data-settings=\"{&quot;background_background&quot;:&quot;classic&quot;}\">\n\t\t<div class=\"elementor-element elementor-element-15ac886 e-con-full e-flex e-con e-child\" data-id=\"15ac886\" data-element_type=\"container\">\n\t\t<div class=\"elementor-element elementor-element-b877323 e-con-full e-flex e-con e-child\" data-id=\"b877323\" data-element_type=\"container\">\n\t\t\t\t<div class=\"elementor-element elementor-element-29f54b0 elementor-widget elementor-widget-heading\" data-id=\"29f54b0\" data-element_type=\"widget\" data-widget_type=\"heading.default\">\n\t\t\t\t<div class=\"elementor-widget-container\">\n\t\t\t\t\t<h2 class=\"elementor-heading-title elementor-size-default\">We love hearing from you!<\/h2>\t\t\t\t<\/div>\n\t\t\t\t<\/div>\n\t\t\t\t<div class=\"elementor-element elementor-element-ce4c26b elementor-widget elementor-widget-text-editor\" data-id=\"ce4c26b\" data-element_type=\"widget\" data-widget_type=\"text-editor.default\">\n\t\t\t\t<div class=\"elementor-widget-container\">\n\t\t\t\t\t\t\t\t\t<p>Tell us how we can be better for you every day, and let&#039;s take this relationship to the next level together.<\/p>\t\t\t\t\t\t\t\t<\/div>\n\t\t\t\t<\/div>\n\t\t\t\t<\/div>\n\t\t\t\t<\/div>\n\t\t\t\t<\/div>\n\t\t\t\t<\/div>\n\t\t\t\t<\/div>\n\t\t<div class=\"elementor-element elementor-element-d4463c6 e-flex e-con-boxed e-con e-parent\" data-id=\"d4463c6\" data-element_type=\"container\">\n\t\t\t\t\t<div class=\"e-con-inner\">\n\t\t<div class=\"elementor-element elementor-element-fdf7dd6 e-con-full e-flex e-con e-child\" data-id=\"fdf7dd6\" data-element_type=\"container\">\n\t\t<div class=\"elementor-element elementor-element-bc9bf3b e-con-full e-flex e-con e-child\" data-id=\"bc9bf3b\" data-element_type=\"container\">\n\t\t<div class=\"elementor-element elementor-element-c514b90 e-con-full e-flex e-con e-child\" data-id=\"c514b90\" data-element_type=\"container\">\n\t\t\t\t<div class=\"elementor-element elementor-element-7d27060 elementor-widget elementor-widget-text-editor\" data-id=\"7d27060\" data-element_type=\"widget\" data-widget_type=\"text-editor.default\">\n\t\t\t\t<div class=\"elementor-widget-container\">\n\t\t\t\t\t\t\t\t\t<p>If you have any requests, complaints, claims, requests, or compliments, please fill out the following form so we can respond as quickly as possible.<\/p>\t\t\t\t\t\t\t\t<\/div>\n\t\t\t\t<\/div>\n\t\t\t\t<div class=\"elementor-element elementor-element-38e0850 elementor-widget__width-initial elementor-widget elementor-widget-html\" data-id=\"38e0850\" data-element_type=\"widget\" data-widget_type=\"html.default\">\n\t\t\t\t<div class=\"elementor-widget-container\">\n\t\t\t\t\t\n<div class=\"wpcf7 no-js\" id=\"wpcf7-f59504-o1\" lang=\"es-CO\" dir=\"ltr\" data-wpcf7-id=\"59504\">\n<div class=\"screen-reader-response\"><p role=\"status\" aria-live=\"polite\" aria-atomic=\"true\"><\/p> <ul><\/ul><\/div>\n<form action=\"\/en_us\/wp-json\/wp\/v2\/pages\/116#wpcf7-f59504-o1\" method=\"post\" class=\"wpcf7-form init\" aria-label=\"Formulario de contacto\" enctype=\"multipart\/form-data\" novalidate=\"novalidate\" data-status=\"init\" data-trp-original-action=\"\/en_us\/wp-json\/wp\/v2\/pages\/116#wpcf7-f59504-o1\">\n<fieldset class=\"hidden-fields-container\"><input type=\"hidden\" name=\"_wpcf7\" value=\"59504\" \/><input type=\"hidden\" name=\"_wpcf7_version\" value=\"6.1.4\" \/><input type=\"hidden\" name=\"_wpcf7_locale\" value=\"es_CO\" \/><input type=\"hidden\" name=\"_wpcf7_unit_tag\" value=\"wpcf7-f59504-o1\" \/><input type=\"hidden\" name=\"_wpcf7_container_post\" value=\"0\" \/><input type=\"hidden\" name=\"_wpcf7_posted_data_hash\" value=\"\" \/>\n<\/fieldset>\n<p><label> Name of your company<br \/>\n<span class=\"wpcf7-form-control-wrap\" data-name=\"your-name\"><input size=\"40\" maxlength=\"400\" class=\"wpcf7-form-control wpcf7-text wpcf7-validates-as-required\" autocomplete=\"name\" aria-required=\"true\" aria-invalid=\"false\" value=\"\" type=\"text\" name=\"your-name\" \/><\/span><\/label>\n<\/p>\n<p><label> Your company&#039;s NIT<br \/>\n<span class=\"wpcf7-form-control-wrap\" data-name=\"number-96\"><input class=\"wpcf7-form-control wpcf7-number wpcf7-validates-as-required wpcf7-validates-as-number\" min=\"9\" max=\"999999999\" aria-required=\"true\" aria-invalid=\"false\" value=\"\" type=\"number\" name=\"number-96\" \/><\/span><\/label>\n<\/p>\n<p><label> What&#039;s your name<br \/>\n<span class=\"wpcf7-form-control-wrap\" data-name=\"text-949\"><input size=\"40\" maxlength=\"100\" minlength=\"10\" class=\"wpcf7-form-control wpcf7-text\" aria-invalid=\"false\" value=\"\" type=\"text\" name=\"text-949\" \/><\/span><\/label>\n<\/p>\n<p><label> Email<br \/>\n<span class=\"wpcf7-form-control-wrap\" data-name=\"your-email\"><input size=\"40\" maxlength=\"400\" class=\"wpcf7-form-control wpcf7-email wpcf7-validates-as-required wpcf7-text wpcf7-validates-as-email\" autocomplete=\"email\" aria-required=\"true\" aria-invalid=\"false\" value=\"\" type=\"email\" name=\"your-email\" \/><\/span><\/label>\n<\/p>\n<p><label> Contact number<br \/>\n<span class=\"wpcf7-form-control-wrap\" data-name=\"tel-233\"><input size=\"40\" maxlength=\"400\" class=\"wpcf7-form-control wpcf7-tel wpcf7-validates-as-required wpcf7-text wpcf7-validates-as-tel\" aria-required=\"true\" aria-invalid=\"false\" value=\"\" type=\"tel\" name=\"tel-233\" \/><\/span><\/label>\n<\/p>\n<p><label> Comment<br \/>\n<span class=\"wpcf7-form-control-wrap\" data-name=\"textarea-661\"><textarea cols=\"40\" rows=\"10\" maxlength=\"1000\" minlength=\"10\" class=\"wpcf7-form-control wpcf7-textarea wpcf7-validates-as-required\" aria-required=\"true\" aria-invalid=\"false\" name=\"textarea-661\"><\/textarea><\/span><\/label>\n<\/p>\n<p><label> Attachments<br \/>\n<span> <\/span><br \/>\n<span class=\"wpcf7-form-control-wrap\" data-name=\"file-382\"><input size=\"40\" class=\"wpcf7-form-control wpcf7-file\" accept=\".doc,.docx,.pdf,.png,.jpg,.jpeg\" aria-invalid=\"false\" type=\"file\" name=\"file-382\" \/><\/span> <\/label>\n<\/p>\n<p><span class=\"wpcf7-form-control-wrap\" data-name=\"acceptance-113\"><span class=\"wpcf7-form-control wpcf7-acceptance\"><span class=\"wpcf7-list-item\"><label><input type=\"checkbox\" name=\"acceptance-113\" value=\"1\" class=\"Tratamiento de datos\" aria-invalid=\"false\" \/><span class=\"wpcf7-list-item-label\">I have read and accept the <a href=\"https:\/\/ikono.co\/en_us\/aviso_de_privacidad\/\"> privacy policies<\/a> and<a href=\"https:\/\/ikono.co\/en_us\/politica-de-tratamiento-de-datos-personales\/\"> processing of personal data <\/a>.<\/span><\/label><\/span><\/span><\/span>\n<\/p>\n<p><input class=\"wpcf7-form-control wpcf7-submit has-spinner\" type=\"submit\" value=\"Send\" \/>\n<\/p><div class=\"wpcf7-response-output\" aria-hidden=\"true\"><\/div>\n<input type=\"hidden\" name=\"trp-form-language\" value=\"en_us\"\/><\/form>\n<\/div>\n\t\t\t\t<\/div>\n\t\t\t\t<\/div>\n\t\t\t\t<\/div>\n\t\t\t\t<\/div>\n\t\t<div class=\"elementor-element elementor-element-67145e4 e-con-full e-flex e-con e-child\" data-id=\"67145e4\" data-element_type=\"container\">\n\t\t\t\t<div class=\"elementor-element elementor-element-ccbc4f2 elementor-widget__width-initial elementor-widget elementor-widget-image\" data-id=\"ccbc4f2\" data-element_type=\"widget\" data-widget_type=\"image.default\">\n\t\t\t\t<div class=\"elementor-widget-container\">\n\t\t\t\t\t\t\t\t\t\t\t\t\t\t\t<img fetchpriority=\"high\" decoding=\"async\" width=\"595\" height=\"376\" src=\"https:\/\/ikono.co\/wp-content\/uploads\/nosotros_imagen_PQRSF_new.png\" class=\"attachment-large size-large wp-image-60939\" alt=\"\" srcset=\"https:\/\/ikono.co\/wp-content\/uploads\/nosotros_imagen_PQRSF_new.png 595w, https:\/\/ikono.co\/wp-content\/uploads\/nosotros_imagen_PQRSF_new-300x190.png 300w\" sizes=\"(max-width: 595px) 100vw, 595px\" \/>\t\t\t\t\t\t\t\t\t\t\t\t\t\t\t<\/div>\n\t\t\t\t<\/div>\n\t\t\t\t<\/div>\n\t\t\t\t<\/div>\n\t\t\t\t\t<\/div>\n\t\t\t\t<\/div>\n\t\t\t\t<\/div>","protected":false},"excerpt":{"rendered":"<p>\u00a1Nos encanta escucharte! Cu\u00e9ntanos c\u00f3mo podemos ser mejores cada d\u00eda para ti y llevemos juntos esta relaci\u00f3n a otro nivel. Si tienes alguna petici\u00f3n, queja, reclamo, solicitud o felicitaci\u00f3n; diligencia el siguiente formulario para darte una respuesta lo m\u00e1s pronto posible.<\/p>","protected":false},"author":1,"featured_media":0,"parent":0,"menu_order":0,"comment_status":"closed","ping_status":"closed","template":"","meta":{"footnotes":""},"class_list":["post-116","page","type-page","status-publish","hentry"],"yoast_head":"<!-- This site is optimized with the Yoast SEO plugin v26.6 - https:\/\/yoast.com\/wordpress\/plugins\/seo\/ -->\n<title>PQRSF &#8226; iKono Telecomunicaciones<\/title>\n<meta name=\"description\" content=\"Cont\u00e1ctanos en iKono Telecomunicaciones a trav\u00e9s de nuestro formulario PQRSF. Env\u00eda tus peticiones, quejas, reclamos, solicitudes o felicitaciones y recibe respuesta r\u00e1pida.\" \/>\n<meta name=\"robots\" content=\"index, follow, max-snippet:-1, max-image-preview:large, max-video-preview:-1\" \/>\n<link rel=\"canonical\" href=\"https:\/\/ikono.co\/en_us\/pqrsf\/\" \/>\n<meta property=\"og:locale\" content=\"en_US\" \/>\n<meta property=\"og:type\" content=\"article\" \/>\n<meta property=\"og:title\" content=\"PQRSF &#8226; iKono Telecomunicaciones\" \/>\n<meta property=\"og:description\" content=\"Cont\u00e1ctanos en iKono Telecomunicaciones a trav\u00e9s de nuestro formulario PQRSF. Env\u00eda tus peticiones, quejas, reclamos, solicitudes o felicitaciones y recibe respuesta r\u00e1pida.\" \/>\n<meta property=\"og:url\" content=\"https:\/\/ikono.co\/en_us\/pqrsf\/\" \/>\n<meta property=\"og:site_name\" content=\"iKono Telecomunicaciones\" \/>\n<meta property=\"article:publisher\" content=\"https:\/\/www.facebook.com\/iKonoTelecomunicaciones\" \/>\n<meta property=\"article:modified_time\" content=\"2025-10-01T17:00:49+00:00\" \/>\n<meta property=\"og:image\" content=\"https:\/\/ikono.co\/wp-content\/uploads\/nosotros_imagen_PQRSF_new.png\" \/>\n<meta name=\"twitter:card\" content=\"summary_large_image\" \/>\n<meta name=\"twitter:label1\" content=\"Est. reading time\" \/>\n\t<meta name=\"twitter:data1\" content=\"1 minute\" \/>\n<script type=\"application\/ld+json\" class=\"yoast-schema-graph\">{\"@context\":\"https:\/\/schema.org\",\"@graph\":[{\"@type\":\"WebPage\",\"@id\":\"https:\/\/ikono.co\/pqrsf\/\",\"url\":\"https:\/\/ikono.co\/pqrsf\/\",\"name\":\"PQRSF &#8226; iKono Telecomunicaciones\",\"isPartOf\":{\"@id\":\"https:\/\/ikono.co\/#website\"},\"primaryImageOfPage\":{\"@id\":\"https:\/\/ikono.co\/pqrsf\/#primaryimage\"},\"image\":{\"@id\":\"https:\/\/ikono.co\/pqrsf\/#primaryimage\"},\"thumbnailUrl\":\"https:\/\/ikono.co\/wp-content\/uploads\/nosotros_imagen_PQRSF_new.png\",\"datePublished\":\"2024-07-29T21:03:49+00:00\",\"dateModified\":\"2025-10-01T17:00:49+00:00\",\"description\":\"Cont\u00e1ctanos en iKono Telecomunicaciones a trav\u00e9s de nuestro formulario PQRSF. Env\u00eda tus peticiones, quejas, reclamos, solicitudes o felicitaciones y recibe respuesta r\u00e1pida.\",\"breadcrumb\":{\"@id\":\"https:\/\/ikono.co\/pqrsf\/#breadcrumb\"},\"inLanguage\":\"en-US\",\"potentialAction\":[{\"@type\":\"ReadAction\",\"target\":[\"https:\/\/ikono.co\/pqrsf\/\"]}]},{\"@type\":\"ImageObject\",\"inLanguage\":\"en-US\",\"@id\":\"https:\/\/ikono.co\/pqrsf\/#primaryimage\",\"url\":\"https:\/\/ikono.co\/wp-content\/uploads\/nosotros_imagen_PQRSF_new.png\",\"contentUrl\":\"https:\/\/ikono.co\/wp-content\/uploads\/nosotros_imagen_PQRSF_new.png\"},{\"@type\":\"BreadcrumbList\",\"@id\":\"https:\/\/ikono.co\/pqrsf\/#breadcrumb\",\"itemListElement\":[{\"@type\":\"ListItem\",\"position\":1,\"name\":\"Inicio\",\"item\":\"https:\/\/ikono.co\/\"},{\"@type\":\"ListItem\",\"position\":2,\"name\":\"PQRSF\"}]},{\"@type\":\"WebSite\",\"@id\":\"https:\/\/ikono.co\/#website\",\"url\":\"https:\/\/ikono.co\/\",\"name\":\"iKono Telecomunicaciones\",\"description\":\"La tranquilidad de estar bien conectado\",\"publisher\":{\"@id\":\"https:\/\/ikono.co\/#organization\"},\"potentialAction\":[{\"@type\":\"SearchAction\",\"target\":{\"@type\":\"EntryPoint\",\"urlTemplate\":\"https:\/\/ikono.co\/?s={search_term_string}\"},\"query-input\":{\"@type\":\"PropertyValueSpecification\",\"valueRequired\":true,\"valueName\":\"search_term_string\"}}],\"inLanguage\":\"en-US\"},{\"@type\":\"Organization\",\"@id\":\"https:\/\/ikono.co\/#organization\",\"name\":\"iKono Telecomunicaciones\",\"alternateName\":\"iKono\",\"url\":\"https:\/\/ikono.co\/\",\"logo\":{\"@type\":\"ImageObject\",\"inLanguage\":\"en-US\",\"@id\":\"https:\/\/ikono.co\/#\/schema\/logo\/image\/\",\"url\":\"https:\/\/ikono.co\/wp-content\/uploads\/2024\/07\/cropped-Logo-iKono-R-horizontal-color-1.png\",\"contentUrl\":\"https:\/\/ikono.co\/wp-content\/uploads\/2024\/07\/cropped-Logo-iKono-R-horizontal-color-1.png\",\"width\":1500,\"height\":429,\"caption\":\"iKono Telecomunicaciones\"},\"image\":{\"@id\":\"https:\/\/ikono.co\/#\/schema\/logo\/image\/\"},\"sameAs\":[\"https:\/\/www.facebook.com\/iKonoTelecomunicaciones\"]}]}<\/script>\n<!-- \/ Yoast SEO plugin. -->","yoast_head_json":{"title":"PQRSF &#8226; iKono Telecomunicaciones","description":"Cont\u00e1ctanos en iKono Telecomunicaciones a trav\u00e9s de nuestro formulario PQRSF. Env\u00eda tus peticiones, quejas, reclamos, solicitudes o felicitaciones y recibe respuesta r\u00e1pida.","robots":{"index":"index","follow":"follow","max-snippet":"max-snippet:-1","max-image-preview":"max-image-preview:large","max-video-preview":"max-video-preview:-1"},"canonical":"https:\/\/ikono.co\/en_us\/pqrsf\/","og_locale":"en_US","og_type":"article","og_title":"PQRSF &#8226; iKono Telecomunicaciones","og_description":"Cont\u00e1ctanos en iKono Telecomunicaciones a trav\u00e9s de nuestro formulario PQRSF. Env\u00eda tus peticiones, quejas, reclamos, solicitudes o felicitaciones y recibe respuesta r\u00e1pida.","og_url":"https:\/\/ikono.co\/en_us\/pqrsf\/","og_site_name":"iKono Telecomunicaciones","article_publisher":"https:\/\/www.facebook.com\/iKonoTelecomunicaciones","article_modified_time":"2025-10-01T17:00:49+00:00","og_image":[{"url":"https:\/\/ikono.co\/wp-content\/uploads\/nosotros_imagen_PQRSF_new.png","type":"","width":"","height":""}],"twitter_card":"summary_large_image","twitter_misc":{"Est. reading time":"1 minute"},"schema":{"@context":"https:\/\/schema.org","@graph":[{"@type":"WebPage","@id":"https:\/\/ikono.co\/pqrsf\/","url":"https:\/\/ikono.co\/pqrsf\/","name":"PQRSF &#8226; iKono Telecomunicaciones","isPartOf":{"@id":"https:\/\/ikono.co\/#website"},"primaryImageOfPage":{"@id":"https:\/\/ikono.co\/pqrsf\/#primaryimage"},"image":{"@id":"https:\/\/ikono.co\/pqrsf\/#primaryimage"},"thumbnailUrl":"https:\/\/ikono.co\/wp-content\/uploads\/nosotros_imagen_PQRSF_new.png","datePublished":"2024-07-29T21:03:49+00:00","dateModified":"2025-10-01T17:00:49+00:00","description":"Cont\u00e1ctanos en iKono Telecomunicaciones a trav\u00e9s de nuestro formulario PQRSF. Env\u00eda tus peticiones, quejas, reclamos, solicitudes o felicitaciones y recibe respuesta r\u00e1pida.","breadcrumb":{"@id":"https:\/\/ikono.co\/pqrsf\/#breadcrumb"},"inLanguage":"en-US","potentialAction":[{"@type":"ReadAction","target":["https:\/\/ikono.co\/pqrsf\/"]}]},{"@type":"ImageObject","inLanguage":"en-US","@id":"https:\/\/ikono.co\/pqrsf\/#primaryimage","url":"https:\/\/ikono.co\/wp-content\/uploads\/nosotros_imagen_PQRSF_new.png","contentUrl":"https:\/\/ikono.co\/wp-content\/uploads\/nosotros_imagen_PQRSF_new.png"},{"@type":"BreadcrumbList","@id":"https:\/\/ikono.co\/pqrsf\/#breadcrumb","itemListElement":[{"@type":"ListItem","position":1,"name":"Inicio","item":"https:\/\/ikono.co\/"},{"@type":"ListItem","position":2,"name":"PQRSF"}]},{"@type":"WebSite","@id":"https:\/\/ikono.co\/#website","url":"https:\/\/ikono.co\/","name":"iKono Telecommunications","description":"The peace of mind that comes with being well connected","publisher":{"@id":"https:\/\/ikono.co\/#organization"},"potentialAction":[{"@type":"SearchAction","target":{"@type":"EntryPoint","urlTemplate":"https:\/\/ikono.co\/?s={search_term_string}"},"query-input":{"@type":"PropertyValueSpecification","valueRequired":true,"valueName":"search_term_string"}}],"inLanguage":"en-US"},{"@type":"Organization","@id":"https:\/\/ikono.co\/#organization","name":"iKono Telecommunications","alternateName":"iKono","url":"https:\/\/ikono.co\/","logo":{"@type":"ImageObject","inLanguage":"en-US","@id":"https:\/\/ikono.co\/#\/schema\/logo\/image\/","url":"https:\/\/ikono.co\/wp-content\/uploads\/2024\/07\/cropped-Logo-iKono-R-horizontal-color-1.png","contentUrl":"https:\/\/ikono.co\/wp-content\/uploads\/2024\/07\/cropped-Logo-iKono-R-horizontal-color-1.png","width":1500,"height":429,"caption":"iKono Telecomunicaciones"},"image":{"@id":"https:\/\/ikono.co\/#\/schema\/logo\/image\/"},"sameAs":["https:\/\/www.facebook.com\/iKonoTelecomunicaciones"]}]}},"_links":{"self":[{"href":"https:\/\/ikono.co\/en_us\/wp-json\/wp\/v2\/pages\/116","targetHints":{"allow":["GET"]}}],"collection":[{"href":"https:\/\/ikono.co\/en_us\/wp-json\/wp\/v2\/pages"}],"about":[{"href":"https:\/\/ikono.co\/en_us\/wp-json\/wp\/v2\/types\/page"}],"author":[{"embeddable":true,"href":"https:\/\/ikono.co\/en_us\/wp-json\/wp\/v2\/users\/1"}],"replies":[{"embeddable":true,"href":"https:\/\/ikono.co\/en_us\/wp-json\/wp\/v2\/comments?post=116"}],"version-history":[{"count":70,"href":"https:\/\/ikono.co\/en_us\/wp-json\/wp\/v2\/pages\/116\/revisions"}],"predecessor-version":[{"id":61151,"href":"https:\/\/ikono.co\/en_us\/wp-json\/wp\/v2\/pages\/116\/revisions\/61151"}],"wp:attachment":[{"href":"https:\/\/ikono.co\/en_us\/wp-json\/wp\/v2\/media?parent=116"}],"curies":[{"name":"wp","href":"https:\/\/api.w.org\/{rel}","templated":true}]}}